{"id":3741,"date":"2025-12-18T17:23:37","date_gmt":"2025-12-18T16:23:37","guid":{"rendered":"https:\/\/beta.svetkamene.eu\/?page_id=3741"},"modified":"2026-01-19T12:28:39","modified_gmt":"2026-01-19T11:28:39","slug":"akce-a-udalosti","status":"publish","type":"page","link":"https:\/\/svetkamene.eu\/index.php\/cs\/akce-a-udalosti\/","title":{"rendered":"Akce a&nbsp;ud\u00e1losti"},"content":{"rendered":"\r\n<ul>\r\n<li>STONE EXPO, Polsko, Var\u0161ava, 17. &#8211; 29.&nbsp;2.&nbsp;2026<\/li>\r\n<li>STONE + tec 2026, N\u011bmecko, Norimberk, 17. &#8211; 20.&nbsp;6.&nbsp;2026<\/li>\r\n<li>K\u00e1men Ho\u0159ice, \u010cR, 26.&nbsp;6. &#8211; 27.&nbsp;6.&nbsp;2026<\/li>\r\n<li>FOR ARCH, \u010cR, Praha, 16. &#8211; 19.&nbsp;9.&nbsp;2026<\/li>\r\n<li>MARMOMACC, It\u00e1lie, Verona, 22. &#8211; 25.&nbsp;9.&nbsp;2026<\/li>\r\n<\/ul>\r\n<p>&nbsp;<\/p>\r\n<h4>Uplynul\u00e9 akce<\/h4>\r\n<ul>\r\n<li>STONE EXPO, Polsko, Var\u0161ava, 18.-20.2.2025<\/li>\r\n<li>FOR ARCH, \u010cR, Praha, 16.-20.9.2025<\/li>\r\n<li>MARMOMACC, It\u00e1lie, Verona, 23.-26.9.2025<\/li>\r\n<li>Sv\u011bt kamene 2022 &#8211; mezin\u00e1rodn\u00ed konference o&nbsp;vyu\u017eit\u00ed nerostn\u00fdch zdroj\u016f surovin, \u010cR, <br>L\u00e1zn\u011b B\u011blohrad, 12.-14.5.2022<\/li>\r\n<li>SochArt 2022 &#8211; \u010cR, Ho\u0159ice, 13.-15.5.2022<\/li>\r\n<li>Sv\u011bt st\u0159egomsk\u00e9 \u017euly 2022, Polsko, Strzegom, 17.6.-19.6.2022<\/li>\r\n<li>K\u00e1men Ho\u0159ice 2022, \u010cR, Ho\u0159ice, 17.-18.6.2022<\/li>\r\n<li>Festival st\u0159egomsk\u00e9 \u017euly 2022, Polsko, Strzegom, 22.-24.6.2022<\/li>\r\n<li>Stone-tec 2022, N\u011bmecko, Norimberk, 22.-25.6.2022<\/li>\r\n<li>Marble 2022, Polsko, Var\u0161ava, 1.-3.9.2022<\/li>\r\n<li>Marmomac 2022, It\u00e1lie, Verona, 27.-30.9.2022<\/li>\r\n<li>STONE 2022, Polsko, Pozna\u0148, listopad 2022<\/li>\r\n<li>StoneShow, Velk\u00e1 Brit\u00e1nie, Lond\u00fdn, 6.-8.&nbsp;6.&nbsp;2023<\/li>\r\n<li>StoneShow, Velk\u00e1 Brit\u00e1nie, Lond\u00fdn, 6.-8.&nbsp;6.&nbsp;2023<\/li>\r\n<li>Stone Ib\u00e9rica, Portugalsko, Batalha, 15.-17.&nbsp;6.&nbsp;2023<\/li>\r\n<li>Sv\u011bt st\u0159egomsk\u00e9 \u017euly 2023, Polsko, Strzegom, 16.-18.6.2023<\/li>\r\n<li>For Arch, \u010cR, Praha, 19.-23.9.2023<\/li>\r\n<li>Marmomac, It\u00e1lie, Verona, 26.-29.9.2023<\/li>\r\n<li>Stone, Polsko, Pozna\u0148, 15.-17.11.2023<\/li>\r\n<li>Strzegomsk\u00e9 \u017eulov\u00e9 slavnosti, Polsko, Strzegom, 14.-16.6.2024<\/li>\r\n<li>STONE+TEC, N\u011bmecko, Norimberk, 19.-22.6.2024<\/li>\r\n<li>K\u00e1men, \u010cR, Ho\u0159ice, 21.-22.6.2024<\/li>\r\n<li>MARMOMACC, It\u00e1lie, Verona, 24.-27.9.2024<\/li>\r\n<li>STONE, Polsko, Pozna\u0148, 20.-22.11.2024<\/li>\r\n<\/ul>\r\n<p>&nbsp;<\/p>\r\n","protected":false},"excerpt":{"rendered":"<p>STONE EXPO, Polsko, Var\u0161ava, 17. &#8211; 29.&nbsp;2.&nbsp;2026 STONE + tec 2026, N\u011bmecko, Norimberk, 17. &#8211;&#8230;<\/p>\n","protected":false},"author":13,"featured_media":0,"parent":0,"menu_order":0,"comment_status":"closed","ping_status":"closed","template":"","meta":{"ngg_post_thumbnail":0},"yoast_head":"<!-- This site is optimized with the Yoast SEO plugin v19.1 - https:\/\/yoast.com\/wordpress\/plugins\/seo\/ -->\n<title>Akce a ud\u00e1losti - Sv\u011bt Kamene<\/title>\n<meta name=\"description\" content=\"akce a ud\u00e1losti ve sv\u011bt\u011b kamene\" \/>\n<meta name=\"robots\" content=\"index, follow, max-snippet:-1, max-image-preview:large, max-video-preview:-1\" \/>\n<link rel=\"canonical\" href=\"https:\/\/svetkamene.eu\/index.php\/cs\/akce-a-udalosti\/\" \/>\n<meta property=\"og:locale\" content=\"cs_CZ\" \/>\n<meta property=\"og:type\" content=\"article\" \/>\n<meta property=\"og:title\" content=\"Akce a ud\u00e1losti - Sv\u011bt Kamene\" \/>\n<meta property=\"og:description\" content=\"akce a ud\u00e1losti ve sv\u011bt\u011b kamene\" \/>\n<meta property=\"og:url\" content=\"https:\/\/svetkamene.eu\/index.php\/cs\/akce-a-udalosti\/\" \/>\n<meta property=\"og:site_name\" content=\"Sv\u011bt Kamene\" \/>\n<meta property=\"article:modified_time\" content=\"2026-01-19T11:28:39+00:00\" \/>\n<meta name=\"twitter:card\" content=\"summary_large_image\" \/>\n<meta name=\"twitter:label1\" content=\"Odhadovan\u00e1 doba \u010dten\u00ed\" \/>\n\t<meta name=\"twitter:data1\" content=\"1 minuta\" \/>\n<script type=\"application\/ld+json\" class=\"yoast-schema-graph\">{\"@context\":\"https:\/\/schema.org\",\"@graph\":[{\"@type\":\"WebSite\",\"@id\":\"https:\/\/svetkamene.eu\/#website\",\"url\":\"https:\/\/svetkamene.eu\/\",\"name\":\"Sv\u011bt Kamene\",\"description\":\"Port\u00e1l informuj\u00edc\u00ed o v\u0161em co souvis\u00ed s kamenem\",\"potentialAction\":[{\"@type\":\"SearchAction\",\"target\":{\"@type\":\"EntryPoint\",\"urlTemplate\":\"https:\/\/svetkamene.eu\/?s={search_term_string}\"},\"query-input\":\"required name=search_term_string\"}],\"inLanguage\":\"cs\"},{\"@type\":\"WebPage\",\"@id\":\"https:\/\/svetkamene.eu\/index.php\/cs\/akce-a-udalosti\/#webpage\",\"url\":\"https:\/\/svetkamene.eu\/index.php\/cs\/akce-a-udalosti\/\",\"name\":\"Akce a ud\u00e1losti - Sv\u011bt Kamene\",\"isPartOf\":{\"@id\":\"https:\/\/svetkamene.eu\/#website\"},\"datePublished\":\"2025-12-18T16:23:37+00:00\",\"dateModified\":\"2026-01-19T11:28:39+00:00\",\"description\":\"akce a ud\u00e1losti ve sv\u011bt\u011b kamene\",\"breadcrumb\":{\"@id\":\"https:\/\/svetkamene.eu\/index.php\/cs\/akce-a-udalosti\/#breadcrumb\"},\"inLanguage\":\"cs\",\"potentialAction\":[{\"@type\":\"ReadAction\",\"target\":[\"https:\/\/svetkamene.eu\/index.php\/cs\/akce-a-udalosti\/\"]}]},{\"@type\":\"BreadcrumbList\",\"@id\":\"https:\/\/svetkamene.eu\/index.php\/cs\/akce-a-udalosti\/#breadcrumb\",\"itemListElement\":[{\"@type\":\"ListItem\",\"position\":1,\"name\":\"Dom\u016f\",\"item\":\"https:\/\/svetkamene.eu\/\"},{\"@type\":\"ListItem\",\"position\":2,\"name\":\"Akce a ud\u00e1losti\"}]}]}<\/script>\n<!-- \/ Yoast SEO plugin. -->","yoast_head_json":{"title":"Akce a ud\u00e1losti - Sv\u011bt Kamene","description":"akce a ud\u00e1losti ve sv\u011bt\u011b kamene","robots":{"index":"index","follow":"follow","max-snippet":"max-snippet:-1","max-image-preview":"max-image-preview:large","max-video-preview":"max-video-preview:-1"},"canonical":"https:\/\/svetkamene.eu\/index.php\/cs\/akce-a-udalosti\/","og_locale":"cs_CZ","og_type":"article","og_title":"Akce a ud\u00e1losti - Sv\u011bt Kamene","og_description":"akce a ud\u00e1losti ve sv\u011bt\u011b kamene","og_url":"https:\/\/svetkamene.eu\/index.php\/cs\/akce-a-udalosti\/","og_site_name":"Sv\u011bt Kamene","article_modified_time":"2026-01-19T11:28:39+00:00","twitter_card":"summary_large_image","twitter_misc":{"Odhadovan\u00e1 doba \u010dten\u00ed":"1 minuta"},"schema":{"@context":"https:\/\/schema.org","@graph":[{"@type":"WebSite","@id":"https:\/\/svetkamene.eu\/#website","url":"https:\/\/svetkamene.eu\/","name":"Sv\u011bt Kamene","description":"Port\u00e1l informuj\u00edc\u00ed o v\u0161em co souvis\u00ed s kamenem","potentialAction":[{"@type":"SearchAction","target":{"@type":"EntryPoint","urlTemplate":"https:\/\/svetkamene.eu\/?s={search_term_string}"},"query-input":"required name=search_term_string"}],"inLanguage":"cs"},{"@type":"WebPage","@id":"https:\/\/svetkamene.eu\/index.php\/cs\/akce-a-udalosti\/#webpage","url":"https:\/\/svetkamene.eu\/index.php\/cs\/akce-a-udalosti\/","name":"Akce a ud\u00e1losti - Sv\u011bt Kamene","isPartOf":{"@id":"https:\/\/svetkamene.eu\/#website"},"datePublished":"2025-12-18T16:23:37+00:00","dateModified":"2026-01-19T11:28:39+00:00","description":"akce a ud\u00e1losti ve sv\u011bt\u011b kamene","breadcrumb":{"@id":"https:\/\/svetkamene.eu\/index.php\/cs\/akce-a-udalosti\/#breadcrumb"},"inLanguage":"cs","potentialAction":[{"@type":"ReadAction","target":["https:\/\/svetkamene.eu\/index.php\/cs\/akce-a-udalosti\/"]}]},{"@type":"BreadcrumbList","@id":"https:\/\/svetkamene.eu\/index.php\/cs\/akce-a-udalosti\/#breadcrumb","itemListElement":[{"@type":"ListItem","position":1,"name":"Dom\u016f","item":"https:\/\/svetkamene.eu\/"},{"@type":"ListItem","position":2,"name":"Akce a ud\u00e1losti"}]}]}},"_links":{"self":[{"href":"https:\/\/svetkamene.eu\/index.php\/wp-json\/wp\/v2\/pages\/3741"}],"collection":[{"href":"https:\/\/svetkamene.eu\/index.php\/wp-json\/wp\/v2\/pages"}],"about":[{"href":"https:\/\/svetkamene.eu\/index.php\/wp-json\/wp\/v2\/types\/page"}],"author":[{"embeddable":true,"href":"https:\/\/svetkamene.eu\/index.php\/wp-json\/wp\/v2\/users\/13"}],"replies":[{"embeddable":true,"href":"https:\/\/svetkamene.eu\/index.php\/wp-json\/wp\/v2\/comments?post=3741"}],"version-history":[{"count":19,"href":"https:\/\/svetkamene.eu\/index.php\/wp-json\/wp\/v2\/pages\/3741\/revisions"}],"predecessor-version":[{"id":13951,"href":"https:\/\/svetkamene.eu\/index.php\/wp-json\/wp\/v2\/pages\/3741\/revisions\/13951"}],"wp:attachment":[{"href":"https:\/\/svetkamene.eu\/index.php\/wp-json\/wp\/v2\/media?parent=3741"}],"curies":[{"name":"wp","href":"https:\/\/api.w.org\/{rel}","templated":true}]}}