{"id":1756,"date":"2020-06-17T01:04:30","date_gmt":"2020-06-16T23:04:30","guid":{"rendered":"https:\/\/beta.svetkamene.eu\/?page_id=1756"},"modified":"2020-06-17T01:05:07","modified_gmt":"2020-06-16T23:05:07","slug":"kontaktni-informace","status":"publish","type":"page","link":"https:\/\/svetkamene.eu\/index.php\/cs\/kontaktni-informace\/","title":{"rendered":"Kontaktn\u00ed informace"},"content":{"rendered":"\n<p>Spolek \u010desk\u00e9ho kamene, z.s. &#8211; Czech stone society<br>Horn\u00ed Nov\u00e1 Ves 108<br>507&nbsp;81 L\u00e1zn\u011b B\u011blohrad<br>I\u010cO: 05653223<br>Datov\u00e1 schr\u00e1nka: wd57rd5<br>mail.: frantisek.zocek@czechstonecluster.eu<\/p>\n","protected":false},"excerpt":{"rendered":"<p>Spolek \u010desk\u00e9ho kamene, z.s. &#8211; Czech stone societyHorn\u00ed Nov\u00e1 Ves 108507&nbsp;81 L\u00e1zn\u011b B\u011blohradI\u010cO: 05653223Datov\u00e1 schr\u00e1nka:&#8230;<\/p>\n","protected":false},"author":1,"featured_media":0,"parent":0,"menu_order":0,"comment_status":"closed","ping_status":"closed","template":"","meta":{"ngg_post_thumbnail":0},"yoast_head":"<!-- This site is optimized with the Yoast SEO plugin v19.1 - https:\/\/yoast.com\/wordpress\/plugins\/seo\/ -->\n<title>Kontaktn\u00ed informace - Sv\u011bt Kamene<\/title>\n<meta name=\"robots\" content=\"index, follow, max-snippet:-1, max-image-preview:large, max-video-preview:-1\" \/>\n<link rel=\"canonical\" href=\"https:\/\/svetkamene.eu\/index.php\/cs\/kontaktni-informace\/\" \/>\n<meta property=\"og:locale\" content=\"cs_CZ\" \/>\n<meta property=\"og:type\" content=\"article\" \/>\n<meta property=\"og:title\" content=\"Kontaktn\u00ed informace - Sv\u011bt Kamene\" \/>\n<meta property=\"og:description\" content=\"Spolek \u010desk\u00e9ho kamene, z.s. &#8211; Czech stone societyHorn\u00ed Nov\u00e1 Ves 108507&nbsp;81 L\u00e1zn\u011b B\u011blohradI\u010cO: 05653223Datov\u00e1 schr\u00e1nka:...\" \/>\n<meta property=\"og:url\" content=\"https:\/\/svetkamene.eu\/index.php\/cs\/kontaktni-informace\/\" \/>\n<meta property=\"og:site_name\" content=\"Sv\u011bt Kamene\" \/>\n<meta property=\"article:modified_time\" content=\"2020-06-16T23:05:07+00:00\" \/>\n<meta name=\"twitter:card\" content=\"summary_large_image\" \/>\n<script type=\"application\/ld+json\" class=\"yoast-schema-graph\">{\"@context\":\"https:\/\/schema.org\",\"@graph\":[{\"@type\":\"WebSite\",\"@id\":\"https:\/\/svetkamene.eu\/#website\",\"url\":\"https:\/\/svetkamene.eu\/\",\"name\":\"Sv\u011bt Kamene\",\"description\":\"Port\u00e1l informuj\u00edc\u00ed o v\u0161em co souvis\u00ed s kamenem\",\"potentialAction\":[{\"@type\":\"SearchAction\",\"target\":{\"@type\":\"EntryPoint\",\"urlTemplate\":\"https:\/\/svetkamene.eu\/?s={search_term_string}\"},\"query-input\":\"required name=search_term_string\"}],\"inLanguage\":\"cs\"},{\"@type\":\"WebPage\",\"@id\":\"https:\/\/svetkamene.eu\/index.php\/cs\/kontaktni-informace\/#webpage\",\"url\":\"https:\/\/svetkamene.eu\/index.php\/cs\/kontaktni-informace\/\",\"name\":\"Kontaktn\u00ed informace - Sv\u011bt Kamene\",\"isPartOf\":{\"@id\":\"https:\/\/svetkamene.eu\/#website\"},\"datePublished\":\"2020-06-16T23:04:30+00:00\",\"dateModified\":\"2020-06-16T23:05:07+00:00\",\"breadcrumb\":{\"@id\":\"https:\/\/svetkamene.eu\/index.php\/cs\/kontaktni-informace\/#breadcrumb\"},\"inLanguage\":\"cs\",\"potentialAction\":[{\"@type\":\"ReadAction\",\"target\":[\"https:\/\/svetkamene.eu\/index.php\/cs\/kontaktni-informace\/\"]}]},{\"@type\":\"BreadcrumbList\",\"@id\":\"https:\/\/svetkamene.eu\/index.php\/cs\/kontaktni-informace\/#breadcrumb\",\"itemListElement\":[{\"@type\":\"ListItem\",\"position\":1,\"name\":\"Dom\u016f\",\"item\":\"https:\/\/svetkamene.eu\/\"},{\"@type\":\"ListItem\",\"position\":2,\"name\":\"Kontaktn\u00ed informace\"}]}]}<\/script>\n<!-- \/ Yoast SEO plugin. -->","yoast_head_json":{"title":"Kontaktn\u00ed informace - Sv\u011bt Kamene","robots":{"index":"index","follow":"follow","max-snippet":"max-snippet:-1","max-image-preview":"max-image-preview:large","max-video-preview":"max-video-preview:-1"},"canonical":"https:\/\/svetkamene.eu\/index.php\/cs\/kontaktni-informace\/","og_locale":"cs_CZ","og_type":"article","og_title":"Kontaktn\u00ed informace - Sv\u011bt Kamene","og_description":"Spolek \u010desk\u00e9ho kamene, z.s. &#8211; Czech stone societyHorn\u00ed Nov\u00e1 Ves 108507&nbsp;81 L\u00e1zn\u011b B\u011blohradI\u010cO: 05653223Datov\u00e1 schr\u00e1nka:...","og_url":"https:\/\/svetkamene.eu\/index.php\/cs\/kontaktni-informace\/","og_site_name":"Sv\u011bt Kamene","article_modified_time":"2020-06-16T23:05:07+00:00","twitter_card":"summary_large_image","schema":{"@context":"https:\/\/schema.org","@graph":[{"@type":"WebSite","@id":"https:\/\/svetkamene.eu\/#website","url":"https:\/\/svetkamene.eu\/","name":"Sv\u011bt Kamene","description":"Port\u00e1l informuj\u00edc\u00ed o v\u0161em co souvis\u00ed s kamenem","potentialAction":[{"@type":"SearchAction","target":{"@type":"EntryPoint","urlTemplate":"https:\/\/svetkamene.eu\/?s={search_term_string}"},"query-input":"required name=search_term_string"}],"inLanguage":"cs"},{"@type":"WebPage","@id":"https:\/\/svetkamene.eu\/index.php\/cs\/kontaktni-informace\/#webpage","url":"https:\/\/svetkamene.eu\/index.php\/cs\/kontaktni-informace\/","name":"Kontaktn\u00ed informace - Sv\u011bt Kamene","isPartOf":{"@id":"https:\/\/svetkamene.eu\/#website"},"datePublished":"2020-06-16T23:04:30+00:00","dateModified":"2020-06-16T23:05:07+00:00","breadcrumb":{"@id":"https:\/\/svetkamene.eu\/index.php\/cs\/kontaktni-informace\/#breadcrumb"},"inLanguage":"cs","potentialAction":[{"@type":"ReadAction","target":["https:\/\/svetkamene.eu\/index.php\/cs\/kontaktni-informace\/"]}]},{"@type":"BreadcrumbList","@id":"https:\/\/svetkamene.eu\/index.php\/cs\/kontaktni-informace\/#breadcrumb","itemListElement":[{"@type":"ListItem","position":1,"name":"Dom\u016f","item":"https:\/\/svetkamene.eu\/"},{"@type":"ListItem","position":2,"name":"Kontaktn\u00ed informace"}]}]}},"_links":{"self":[{"href":"https:\/\/svetkamene.eu\/index.php\/wp-json\/wp\/v2\/pages\/1756"}],"collection":[{"href":"https:\/\/svetkamene.eu\/index.php\/wp-json\/wp\/v2\/pages"}],"about":[{"href":"https:\/\/svetkamene.eu\/index.php\/wp-json\/wp\/v2\/types\/page"}],"author":[{"embeddable":true,"href":"https:\/\/svetkamene.eu\/index.php\/wp-json\/wp\/v2\/users\/1"}],"replies":[{"embeddable":true,"href":"https:\/\/svetkamene.eu\/index.php\/wp-json\/wp\/v2\/comments?post=1756"}],"version-history":[{"count":1,"href":"https:\/\/svetkamene.eu\/index.php\/wp-json\/wp\/v2\/pages\/1756\/revisions"}],"predecessor-version":[{"id":1758,"href":"https:\/\/svetkamene.eu\/index.php\/wp-json\/wp\/v2\/pages\/1756\/revisions\/1758"}],"wp:attachment":[{"href":"https:\/\/svetkamene.eu\/index.php\/wp-json\/wp\/v2\/media?parent=1756"}],"curies":[{"name":"wp","href":"https:\/\/api.w.org\/{rel}","templated":true}]}}