{"id":13922,"date":"2022-06-24T13:35:12","date_gmt":"2022-06-24T11:35:12","guid":{"rendered":"https:\/\/svetkamene.eu\/?page_id=13922"},"modified":"2023-08-14T18:32:49","modified_gmt":"2023-08-14T16:32:49","slug":"postepowanie","status":"publish","type":"page","link":"https:\/\/svetkamene.eu\/index.php\/pl\/postepowanie\/","title":{"rendered":"Post\u0119powanie"},"content":{"rendered":"<h1><b><span lang=\"PL\">Artyku\u0142y bran\u017cowe<\/span><\/b><\/h1>\n<p>&nbsp;<\/p>\n<h1><span style=\"font-size: 12pt;\"><a href=\"https:\/\/svetkamene.eu\/wp-content\/uploads\/2022\/11\/Sbornik-odbornych-clanku-Svet-kamene.pdf\">Materia\u0142y z&nbsp;konferencji \u015awiat Kamienia<\/a><\/span><\/h1>\n<h1>Materia\u0142y partner\u00f3w projektu<\/h1>\n<p><a href=\"https:\/\/svetkamene.eu\/wp-content\/uploads\/2022\/06\/Szlak-kamienia_PL-CZ_www_rozkladowki.pdf\">Szlak kamienia_Cesta_kamene, wersja PL-CZ<\/a><br \/>\n<a href=\"https:\/\/drive.google.com\/file\/d\/1yUrhwct5-YYpfiXPon4c3VUt9VQhvQy6\/view?usp=sharing\" target=\"_blank\" rel=\"noopener\" aria-label=\"Link do filmu promocyjnego.pdf\" data-saferedirecturl=\"https:\/\/www.google.com\/url?q=https:\/\/drive.google.com\/file\/d\/1QnDkdslMM_JTuYmldDxd_k5tB8ewWrjE\/view?usp%3Ddrive_web&amp;source=gmail&amp;ust=1691831399255000&amp;usg=AOvVaw0I2wqyTyoHhhNalDQfOqVu\"><span dir=\"ltr\">Link do filmu promocyjnego<\/span><\/a><br \/>\n<a href=\"https:\/\/svetkamene.eu\/wp-content\/uploads\/2023\/08\/slownik-kamieniarski-PL-CZ.pdf\" target=\"_blank\" rel=\"noopener\" aria-label=\"slownik kamieniarski PL CZ.pdf\" data-saferedirecturl=\"https:\/\/www.google.com\/url?q=https:\/\/drive.google.com\/file\/d\/1ohftaVmXU3uZEZfhBCLNxtt_fBLgq9nE\/view?usp%3Ddrive_web&amp;source=gmail&amp;ust=1691831399255000&amp;usg=AOvVaw2svEAqRaNSmI88lzbJ42ek\" data-wp-editing=\"1\"><span dir=\"ltr\">slownik kamieniarski PL&nbsp;CZ<\/span><\/a><br \/>\n<a href=\"https:\/\/svetkamene.eu\/wp-content\/uploads\/2022\/06\/84_35-brozura_zaoral.pdf\">Ho\u0159ice &#8211; miasto kamiennego pi\u0119kna<\/a><br \/>\n<a href=\"https:\/\/svetkamene.eu\/wp-content\/uploads\/2022\/06\/84_cyklomapa.pdf\">Ho\u0159ice &#8211; mapa rowerowa<\/a><br \/>\n<a href=\"https:\/\/svetkamene.eu\/wp-content\/uploads\/2022\/06\/84_letak_horice.pdf\">Ho\u0159ice &#8211; miasto kamiennego pi\u0119kna II<\/a><br \/>\n<a href=\"https:\/\/svetkamene.eu\/wp-content\/uploads\/2022\/06\/84_letak_mvs.pdf\">Ho\u0159ice &#8211; wie\u017ca niepodleg\u0142o\u015bci im. Masaryka<\/a><br \/>\n<a href=\"https:\/\/svetkamene.eu\/wp-content\/uploads\/2022\/06\/szlak-kamienia_EN-DE_www_rozkladowki.pdf\">Szlak kamienia \u2013 Cesta kamene, wersja EN-DE<\/a><br \/>\n<a href=\"https:\/\/tvn24.pl\/tvnmeteo\/najnowsze\/strzegom-obchodzi-swoje-swieto-5756237?\">\u015awi\u0119to Granitu Strzegomskiego<\/a><br \/>\n<a href=\"https:\/\/tvn24.pl\/tvnmeteo\/polska\/swieto-granitu-w-strzegomiu-5755504\">Strzegomski Festiwal Granitu<\/a><br \/>\n<iframe loading=\"lazy\" src=\"https:\/\/drive.google.com\/file\/d\/1yUrhwct5-YYpfiXPon4c3VUt9VQhvQy6\/preview\" width=\"640\" height=\"480\"><\/iframe><br \/>\n&nbsp;<\/p>\n","protected":false},"excerpt":{"rendered":"<p>Artyku\u0142y bran\u017cowe &nbsp; Materia\u0142y z&nbsp;konferencji \u015awiat Kamienia Materia\u0142y partner\u00f3w projektu Szlak kamienia_Cesta_kamene, wersja PL-CZ Link&#8230;<\/p>\n","protected":false},"author":1,"featured_media":0,"parent":0,"menu_order":0,"comment_status":"closed","ping_status":"closed","template":"","meta":{"ngg_post_thumbnail":0},"yoast_head":"<!-- This site is optimized with the Yoast SEO plugin v19.1 - https:\/\/yoast.com\/wordpress\/plugins\/seo\/ -->\n<title>Post\u0119powanie - Sv\u011bt Kamene<\/title>\n<meta name=\"robots\" content=\"index, follow, max-snippet:-1, max-image-preview:large, max-video-preview:-1\" \/>\n<link rel=\"canonical\" href=\"https:\/\/svetkamene.eu\/index.php\/pl\/postepowanie\/\" \/>\n<meta property=\"og:locale\" content=\"cs_CZ\" \/>\n<meta property=\"og:type\" content=\"article\" \/>\n<meta property=\"og:title\" content=\"Post\u0119powanie - Sv\u011bt Kamene\" \/>\n<meta property=\"og:description\" content=\"Artyku\u0142y bran\u017cowe &nbsp; Materia\u0142y z&nbsp;konferencji \u015awiat Kamienia Materia\u0142y partner\u00f3w projektu Szlak kamienia_Cesta_kamene, wersja PL-CZ Link...\" \/>\n<meta property=\"og:url\" content=\"https:\/\/svetkamene.eu\/index.php\/pl\/postepowanie\/\" \/>\n<meta property=\"og:site_name\" content=\"Sv\u011bt Kamene\" \/>\n<meta property=\"article:modified_time\" content=\"2023-08-14T16:32:49+00:00\" \/>\n<meta name=\"twitter:card\" content=\"summary_large_image\" \/>\n<script type=\"application\/ld+json\" class=\"yoast-schema-graph\">{\"@context\":\"https:\/\/schema.org\",\"@graph\":[{\"@type\":\"WebSite\",\"@id\":\"https:\/\/svetkamene.eu\/#website\",\"url\":\"https:\/\/svetkamene.eu\/\",\"name\":\"Sv\u011bt Kamene\",\"description\":\"Port\u00e1l informuj\u00edc\u00ed o v\u0161em co souvis\u00ed s kamenem\",\"potentialAction\":[{\"@type\":\"SearchAction\",\"target\":{\"@type\":\"EntryPoint\",\"urlTemplate\":\"https:\/\/svetkamene.eu\/?s={search_term_string}\"},\"query-input\":\"required name=search_term_string\"}],\"inLanguage\":\"cs\"},{\"@type\":\"WebPage\",\"@id\":\"https:\/\/svetkamene.eu\/index.php\/pl\/postepowanie\/#webpage\",\"url\":\"https:\/\/svetkamene.eu\/index.php\/pl\/postepowanie\/\",\"name\":\"Post\u0119powanie - Sv\u011bt Kamene\",\"isPartOf\":{\"@id\":\"https:\/\/svetkamene.eu\/#website\"},\"datePublished\":\"2022-06-24T11:35:12+00:00\",\"dateModified\":\"2023-08-14T16:32:49+00:00\",\"breadcrumb\":{\"@id\":\"https:\/\/svetkamene.eu\/index.php\/pl\/postepowanie\/#breadcrumb\"},\"inLanguage\":\"cs\",\"potentialAction\":[{\"@type\":\"ReadAction\",\"target\":[\"https:\/\/svetkamene.eu\/index.php\/pl\/postepowanie\/\"]}]},{\"@type\":\"BreadcrumbList\",\"@id\":\"https:\/\/svetkamene.eu\/index.php\/pl\/postepowanie\/#breadcrumb\",\"itemListElement\":[{\"@type\":\"ListItem\",\"position\":1,\"name\":\"Dom\u016f\",\"item\":\"https:\/\/svetkamene.eu\/\"},{\"@type\":\"ListItem\",\"position\":2,\"name\":\"Post\u0119powanie\"}]}]}<\/script>\n<!-- \/ Yoast SEO plugin. -->","yoast_head_json":{"title":"Post\u0119powanie - Sv\u011bt Kamene","robots":{"index":"index","follow":"follow","max-snippet":"max-snippet:-1","max-image-preview":"max-image-preview:large","max-video-preview":"max-video-preview:-1"},"canonical":"https:\/\/svetkamene.eu\/index.php\/pl\/postepowanie\/","og_locale":"cs_CZ","og_type":"article","og_title":"Post\u0119powanie - Sv\u011bt Kamene","og_description":"Artyku\u0142y bran\u017cowe &nbsp; Materia\u0142y z&nbsp;konferencji \u015awiat Kamienia Materia\u0142y partner\u00f3w projektu Szlak kamienia_Cesta_kamene, wersja PL-CZ Link...","og_url":"https:\/\/svetkamene.eu\/index.php\/pl\/postepowanie\/","og_site_name":"Sv\u011bt Kamene","article_modified_time":"2023-08-14T16:32:49+00:00","twitter_card":"summary_large_image","schema":{"@context":"https:\/\/schema.org","@graph":[{"@type":"WebSite","@id":"https:\/\/svetkamene.eu\/#website","url":"https:\/\/svetkamene.eu\/","name":"Sv\u011bt Kamene","description":"Port\u00e1l informuj\u00edc\u00ed o v\u0161em co souvis\u00ed s kamenem","potentialAction":[{"@type":"SearchAction","target":{"@type":"EntryPoint","urlTemplate":"https:\/\/svetkamene.eu\/?s={search_term_string}"},"query-input":"required name=search_term_string"}],"inLanguage":"cs"},{"@type":"WebPage","@id":"https:\/\/svetkamene.eu\/index.php\/pl\/postepowanie\/#webpage","url":"https:\/\/svetkamene.eu\/index.php\/pl\/postepowanie\/","name":"Post\u0119powanie - Sv\u011bt Kamene","isPartOf":{"@id":"https:\/\/svetkamene.eu\/#website"},"datePublished":"2022-06-24T11:35:12+00:00","dateModified":"2023-08-14T16:32:49+00:00","breadcrumb":{"@id":"https:\/\/svetkamene.eu\/index.php\/pl\/postepowanie\/#breadcrumb"},"inLanguage":"cs","potentialAction":[{"@type":"ReadAction","target":["https:\/\/svetkamene.eu\/index.php\/pl\/postepowanie\/"]}]},{"@type":"BreadcrumbList","@id":"https:\/\/svetkamene.eu\/index.php\/pl\/postepowanie\/#breadcrumb","itemListElement":[{"@type":"ListItem","position":1,"name":"Dom\u016f","item":"https:\/\/svetkamene.eu\/"},{"@type":"ListItem","position":2,"name":"Post\u0119powanie"}]}]}},"_links":{"self":[{"href":"https:\/\/svetkamene.eu\/index.php\/wp-json\/wp\/v2\/pages\/13922"}],"collection":[{"href":"https:\/\/svetkamene.eu\/index.php\/wp-json\/wp\/v2\/pages"}],"about":[{"href":"https:\/\/svetkamene.eu\/index.php\/wp-json\/wp\/v2\/types\/page"}],"author":[{"embeddable":true,"href":"https:\/\/svetkamene.eu\/index.php\/wp-json\/wp\/v2\/users\/1"}],"replies":[{"embeddable":true,"href":"https:\/\/svetkamene.eu\/index.php\/wp-json\/wp\/v2\/comments?post=13922"}],"version-history":[{"count":6,"href":"https:\/\/svetkamene.eu\/index.php\/wp-json\/wp\/v2\/pages\/13922\/revisions"}],"predecessor-version":[{"id":13938,"href":"https:\/\/svetkamene.eu\/index.php\/wp-json\/wp\/v2\/pages\/13922\/revisions\/13938"}],"wp:attachment":[{"href":"https:\/\/svetkamene.eu\/index.php\/wp-json\/wp\/v2\/media?parent=13922"}],"curies":[{"name":"wp","href":"https:\/\/api.w.org\/{rel}","templated":true}]}}