{"id":13916,"date":"2021-05-18T13:48:57","date_gmt":"2021-05-18T11:48:57","guid":{"rendered":"https:\/\/svetkamene.eu\/?page_id=13916"},"modified":"2023-08-14T18:23:27","modified_gmt":"2023-08-14T16:23:27","slug":"oferta-pracy","status":"publish","type":"page","link":"https:\/\/svetkamene.eu\/index.php\/pl\/oferta-pracy\/","title":{"rendered":"Oferta pracy"},"content":{"rendered":"<div>\n<div><strong>Ligranit, a.s.<\/strong><\/div>\n<div>\n<p><span lang=\"PL\">poszukuje pracownik\u00f3w do prac przy \u0142upaniu, wycinaniu, ci\u0119ciu, \u0142amaniu i&nbsp;obr\u00f3bce kamienia (granitu libereckiego), obs\u0142ugi urz\u0105dze\u0144 do obr\u00f3bki kamienia, obs\u0142ugi urz\u0105dze\u0144 d\u017awigowych, prac wydobywczych, wiercenia pneumatycznego.<\/span><\/p>\n<p><span lang=\"PL\">Informacje: Marek Perni\u010dka, (telefonicznie w dni robocze od 8:00 do 17:00), Ligranit, a.s.<\/span><\/p>\n<\/div>\n<div>&nbsp;<\/div>\n<div><strong>&nbsp;<\/strong><\/div>\n<div><strong>Tlacha\u010d s.r.o.<\/strong><\/div>\n<\/div>\n<div>\n<p><span lang=\"PL\">poszukuje pracownik\u00f3w do prac kamieniarskich.<\/span><\/p>\n<p><span lang=\"PL\">Informacji udziela: Alena Tlacha\u010dov\u00e1 (telefonicznie w dni robocze od 8:00 do 16:00), Tlacha\u010d s.r.o.<\/span><\/p>\n<\/div>\n<p>&nbsp;<\/p>\n<p><strong>3K stavby s.r.o.<\/strong><\/p>\n<p><span lang=\"PL\">poszukuje pracownika na stanowisku kamieniarza, praca w powiecie Trutnov, czasami delegacje na terenie ca\u0142ej Republiki Czeskiej. Wymagamy pracowito\u015bci, rzetelno\u015bci, odpowiedzialno\u015bci i&nbsp;za\u015bwiadczenia o&nbsp;niekaralno\u015bci.<\/span><\/p>\n<p><span lang=\"PL\">Informacje pod numerem telefonu +420&nbsp;731&nbsp;484&nbsp;784<\/span><\/p>\n<p>&nbsp;<\/p>\n<p><strong>Kamenolom Javorka, s.r.o.<br \/>\n<\/strong><\/p>\n<p><span lang=\"PL\">poszukuje pracownik\u00f3w do prac przy wydobyciu, obr\u00f3bce kamienia i&nbsp;konserwacji maszyn i&nbsp;urz\u0105dze\u0144. Praca w miejscowo\u015bci L\u00e1zn\u011b B\u011blohrad. Rodzaj stosunku i&nbsp;czasu pracy do uzgodnienia: pe\u0142ny etat, p\u00f3\u0142 etatu lub praca tymczasowa na umow\u0119-zlecenie). Odpowiednie r\u00f3wnie\u017c dla student\u00f3w i&nbsp;emeryt\u00f3w.<\/span><\/p>\n<p><span lang=\"PL\">Zainteresowanych prosimy o&nbsp;kontakt telefoniczny pod numerem +420&nbsp;603&nbsp;998&nbsp;957.<\/span><\/p>\n","protected":false},"excerpt":{"rendered":"<p>Ligranit, a.s. poszukuje pracownik\u00f3w do prac przy \u0142upaniu, wycinaniu, ci\u0119ciu, \u0142amaniu i&nbsp;obr\u00f3bce kamienia (granitu libereckiego),&#8230;<\/p>\n","protected":false},"author":1,"featured_media":0,"parent":0,"menu_order":0,"comment_status":"closed","ping_status":"closed","template":"","meta":{"ngg_post_thumbnail":0},"yoast_head":"<!-- This site is optimized with the Yoast SEO plugin v19.1 - https:\/\/yoast.com\/wordpress\/plugins\/seo\/ -->\n<title>Oferta pracy - Sv\u011bt Kamene<\/title>\n<meta name=\"robots\" content=\"index, follow, max-snippet:-1, max-image-preview:large, max-video-preview:-1\" \/>\n<link rel=\"canonical\" href=\"https:\/\/svetkamene.eu\/index.php\/pl\/oferta-pracy\/\" \/>\n<meta property=\"og:locale\" content=\"cs_CZ\" \/>\n<meta property=\"og:type\" content=\"article\" \/>\n<meta property=\"og:title\" content=\"Oferta pracy - Sv\u011bt Kamene\" \/>\n<meta property=\"og:description\" content=\"Ligranit, a.s. poszukuje pracownik\u00f3w do prac przy \u0142upaniu, wycinaniu, ci\u0119ciu, \u0142amaniu i&nbsp;obr\u00f3bce kamienia (granitu libereckiego),...\" \/>\n<meta property=\"og:url\" content=\"https:\/\/svetkamene.eu\/index.php\/pl\/oferta-pracy\/\" \/>\n<meta property=\"og:site_name\" content=\"Sv\u011bt Kamene\" \/>\n<meta property=\"article:modified_time\" content=\"2023-08-14T16:23:27+00:00\" \/>\n<meta name=\"twitter:card\" content=\"summary_large_image\" \/>\n<meta name=\"twitter:label1\" content=\"Odhadovan\u00e1 doba \u010dten\u00ed\" \/>\n\t<meta name=\"twitter:data1\" content=\"1 minuta\" \/>\n<script type=\"application\/ld+json\" class=\"yoast-schema-graph\">{\"@context\":\"https:\/\/schema.org\",\"@graph\":[{\"@type\":\"WebSite\",\"@id\":\"https:\/\/svetkamene.eu\/#website\",\"url\":\"https:\/\/svetkamene.eu\/\",\"name\":\"Sv\u011bt Kamene\",\"description\":\"Port\u00e1l informuj\u00edc\u00ed o v\u0161em co souvis\u00ed s kamenem\",\"potentialAction\":[{\"@type\":\"SearchAction\",\"target\":{\"@type\":\"EntryPoint\",\"urlTemplate\":\"https:\/\/svetkamene.eu\/?s={search_term_string}\"},\"query-input\":\"required name=search_term_string\"}],\"inLanguage\":\"cs\"},{\"@type\":\"WebPage\",\"@id\":\"https:\/\/svetkamene.eu\/index.php\/pl\/oferta-pracy\/#webpage\",\"url\":\"https:\/\/svetkamene.eu\/index.php\/pl\/oferta-pracy\/\",\"name\":\"Oferta pracy - Sv\u011bt Kamene\",\"isPartOf\":{\"@id\":\"https:\/\/svetkamene.eu\/#website\"},\"datePublished\":\"2021-05-18T11:48:57+00:00\",\"dateModified\":\"2023-08-14T16:23:27+00:00\",\"breadcrumb\":{\"@id\":\"https:\/\/svetkamene.eu\/index.php\/pl\/oferta-pracy\/#breadcrumb\"},\"inLanguage\":\"cs\",\"potentialAction\":[{\"@type\":\"ReadAction\",\"target\":[\"https:\/\/svetkamene.eu\/index.php\/pl\/oferta-pracy\/\"]}]},{\"@type\":\"BreadcrumbList\",\"@id\":\"https:\/\/svetkamene.eu\/index.php\/pl\/oferta-pracy\/#breadcrumb\",\"itemListElement\":[{\"@type\":\"ListItem\",\"position\":1,\"name\":\"Dom\u016f\",\"item\":\"https:\/\/svetkamene.eu\/\"},{\"@type\":\"ListItem\",\"position\":2,\"name\":\"Oferta pracy\"}]}]}<\/script>\n<!-- \/ Yoast SEO plugin. -->","yoast_head_json":{"title":"Oferta pracy - Sv\u011bt Kamene","robots":{"index":"index","follow":"follow","max-snippet":"max-snippet:-1","max-image-preview":"max-image-preview:large","max-video-preview":"max-video-preview:-1"},"canonical":"https:\/\/svetkamene.eu\/index.php\/pl\/oferta-pracy\/","og_locale":"cs_CZ","og_type":"article","og_title":"Oferta pracy - Sv\u011bt Kamene","og_description":"Ligranit, a.s. poszukuje pracownik\u00f3w do prac przy \u0142upaniu, wycinaniu, ci\u0119ciu, \u0142amaniu i&nbsp;obr\u00f3bce kamienia (granitu libereckiego),...","og_url":"https:\/\/svetkamene.eu\/index.php\/pl\/oferta-pracy\/","og_site_name":"Sv\u011bt Kamene","article_modified_time":"2023-08-14T16:23:27+00:00","twitter_card":"summary_large_image","twitter_misc":{"Odhadovan\u00e1 doba \u010dten\u00ed":"1 minuta"},"schema":{"@context":"https:\/\/schema.org","@graph":[{"@type":"WebSite","@id":"https:\/\/svetkamene.eu\/#website","url":"https:\/\/svetkamene.eu\/","name":"Sv\u011bt Kamene","description":"Port\u00e1l informuj\u00edc\u00ed o v\u0161em co souvis\u00ed s kamenem","potentialAction":[{"@type":"SearchAction","target":{"@type":"EntryPoint","urlTemplate":"https:\/\/svetkamene.eu\/?s={search_term_string}"},"query-input":"required name=search_term_string"}],"inLanguage":"cs"},{"@type":"WebPage","@id":"https:\/\/svetkamene.eu\/index.php\/pl\/oferta-pracy\/#webpage","url":"https:\/\/svetkamene.eu\/index.php\/pl\/oferta-pracy\/","name":"Oferta pracy - Sv\u011bt Kamene","isPartOf":{"@id":"https:\/\/svetkamene.eu\/#website"},"datePublished":"2021-05-18T11:48:57+00:00","dateModified":"2023-08-14T16:23:27+00:00","breadcrumb":{"@id":"https:\/\/svetkamene.eu\/index.php\/pl\/oferta-pracy\/#breadcrumb"},"inLanguage":"cs","potentialAction":[{"@type":"ReadAction","target":["https:\/\/svetkamene.eu\/index.php\/pl\/oferta-pracy\/"]}]},{"@type":"BreadcrumbList","@id":"https:\/\/svetkamene.eu\/index.php\/pl\/oferta-pracy\/#breadcrumb","itemListElement":[{"@type":"ListItem","position":1,"name":"Dom\u016f","item":"https:\/\/svetkamene.eu\/"},{"@type":"ListItem","position":2,"name":"Oferta pracy"}]}]}},"_links":{"self":[{"href":"https:\/\/svetkamene.eu\/index.php\/wp-json\/wp\/v2\/pages\/13916"}],"collection":[{"href":"https:\/\/svetkamene.eu\/index.php\/wp-json\/wp\/v2\/pages"}],"about":[{"href":"https:\/\/svetkamene.eu\/index.php\/wp-json\/wp\/v2\/types\/page"}],"author":[{"embeddable":true,"href":"https:\/\/svetkamene.eu\/index.php\/wp-json\/wp\/v2\/users\/1"}],"replies":[{"embeddable":true,"href":"https:\/\/svetkamene.eu\/index.php\/wp-json\/wp\/v2\/comments?post=13916"}],"version-history":[{"count":4,"href":"https:\/\/svetkamene.eu\/index.php\/wp-json\/wp\/v2\/pages\/13916\/revisions"}],"predecessor-version":[{"id":13935,"href":"https:\/\/svetkamene.eu\/index.php\/wp-json\/wp\/v2\/pages\/13916\/revisions\/13935"}],"wp:attachment":[{"href":"https:\/\/svetkamene.eu\/index.php\/wp-json\/wp\/v2\/media?parent=13916"}],"curies":[{"name":"wp","href":"https:\/\/api.w.org\/{rel}","templated":true}]}}