{"id":13913,"date":"2020-06-17T01:04:30","date_gmt":"2020-06-16T23:04:30","guid":{"rendered":"https:\/\/svetkamene.eu\/?page_id=13913"},"modified":"2023-08-10T18:37:37","modified_gmt":"2023-08-10T16:37:37","slug":"informacje-kontaktowe","status":"publish","type":"page","link":"https:\/\/svetkamene.eu\/index.php\/pl\/informacje-kontaktowe\/","title":{"rendered":"Informacje kontaktowe"},"content":{"rendered":"<p>Spolek \u010desk\u00e9ho kamene, z.s. &#8211; Czeskie stowarzyszenie kamieniarskie<br \/>\nHorn\u00ed Nov\u00e1 Ves 108<br \/>\n507&nbsp;81 L\u00e1zn\u011b B\u011blohrad<br \/>\nNR IDENTYFIKACYJNY: 05653223<br \/>\nData box: wd57rd5<br \/>\nmail: frantisek.zocek@czechstonecluster.eu<\/p>\n","protected":false},"excerpt":{"rendered":"<p>Spolek \u010desk\u00e9ho kamene, z.s. &#8211; Czeskie stowarzyszenie kamieniarskie Horn\u00ed Nov\u00e1 Ves 108&nbsp;507&nbsp;81 L\u00e1zn\u011b B\u011blohrad&#8230;<\/p>\n","protected":false},"author":1,"featured_media":0,"parent":0,"menu_order":0,"comment_status":"closed","ping_status":"closed","template":"","meta":{"ngg_post_thumbnail":0},"yoast_head":"<!-- This site is optimized with the Yoast SEO plugin v19.1 - https:\/\/yoast.com\/wordpress\/plugins\/seo\/ -->\n<title>Informacje kontaktowe - Sv\u011bt Kamene<\/title>\n<meta name=\"robots\" content=\"index, follow, max-snippet:-1, max-image-preview:large, max-video-preview:-1\" \/>\n<link rel=\"canonical\" href=\"https:\/\/svetkamene.eu\/index.php\/pl\/informacje-kontaktowe\/\" \/>\n<meta property=\"og:locale\" content=\"cs_CZ\" \/>\n<meta property=\"og:type\" content=\"article\" \/>\n<meta property=\"og:title\" content=\"Informacje kontaktowe - Sv\u011bt Kamene\" \/>\n<meta property=\"og:description\" content=\"Spolek \u010desk\u00e9ho kamene, z.s. &#8211; Czeskie stowarzyszenie kamieniarskie Horn\u00ed Nov\u00e1 Ves 108 507&nbsp;81 L\u00e1zn\u011b B\u011blohrad...\" \/>\n<meta property=\"og:url\" content=\"https:\/\/svetkamene.eu\/index.php\/pl\/informacje-kontaktowe\/\" \/>\n<meta property=\"og:site_name\" content=\"Sv\u011bt Kamene\" \/>\n<meta property=\"article:modified_time\" content=\"2023-08-10T16:37:37+00:00\" \/>\n<meta name=\"twitter:card\" content=\"summary_large_image\" \/>\n<script type=\"application\/ld+json\" class=\"yoast-schema-graph\">{\"@context\":\"https:\/\/schema.org\",\"@graph\":[{\"@type\":\"WebSite\",\"@id\":\"https:\/\/svetkamene.eu\/#website\",\"url\":\"https:\/\/svetkamene.eu\/\",\"name\":\"Sv\u011bt Kamene\",\"description\":\"Port\u00e1l informuj\u00edc\u00ed o v\u0161em co souvis\u00ed s kamenem\",\"potentialAction\":[{\"@type\":\"SearchAction\",\"target\":{\"@type\":\"EntryPoint\",\"urlTemplate\":\"https:\/\/svetkamene.eu\/?s={search_term_string}\"},\"query-input\":\"required name=search_term_string\"}],\"inLanguage\":\"cs\"},{\"@type\":\"WebPage\",\"@id\":\"https:\/\/svetkamene.eu\/index.php\/pl\/informacje-kontaktowe\/#webpage\",\"url\":\"https:\/\/svetkamene.eu\/index.php\/pl\/informacje-kontaktowe\/\",\"name\":\"Informacje kontaktowe - Sv\u011bt Kamene\",\"isPartOf\":{\"@id\":\"https:\/\/svetkamene.eu\/#website\"},\"datePublished\":\"2020-06-16T23:04:30+00:00\",\"dateModified\":\"2023-08-10T16:37:37+00:00\",\"breadcrumb\":{\"@id\":\"https:\/\/svetkamene.eu\/index.php\/pl\/informacje-kontaktowe\/#breadcrumb\"},\"inLanguage\":\"cs\",\"potentialAction\":[{\"@type\":\"ReadAction\",\"target\":[\"https:\/\/svetkamene.eu\/index.php\/pl\/informacje-kontaktowe\/\"]}]},{\"@type\":\"BreadcrumbList\",\"@id\":\"https:\/\/svetkamene.eu\/index.php\/pl\/informacje-kontaktowe\/#breadcrumb\",\"itemListElement\":[{\"@type\":\"ListItem\",\"position\":1,\"name\":\"Dom\u016f\",\"item\":\"https:\/\/svetkamene.eu\/\"},{\"@type\":\"ListItem\",\"position\":2,\"name\":\"Informacje kontaktowe\"}]}]}<\/script>\n<!-- \/ Yoast SEO plugin. -->","yoast_head_json":{"title":"Informacje kontaktowe - Sv\u011bt Kamene","robots":{"index":"index","follow":"follow","max-snippet":"max-snippet:-1","max-image-preview":"max-image-preview:large","max-video-preview":"max-video-preview:-1"},"canonical":"https:\/\/svetkamene.eu\/index.php\/pl\/informacje-kontaktowe\/","og_locale":"cs_CZ","og_type":"article","og_title":"Informacje kontaktowe - Sv\u011bt Kamene","og_description":"Spolek \u010desk\u00e9ho kamene, z.s. &#8211; Czeskie stowarzyszenie kamieniarskie Horn\u00ed Nov\u00e1 Ves 108 507&nbsp;81 L\u00e1zn\u011b B\u011blohrad...","og_url":"https:\/\/svetkamene.eu\/index.php\/pl\/informacje-kontaktowe\/","og_site_name":"Sv\u011bt Kamene","article_modified_time":"2023-08-10T16:37:37+00:00","twitter_card":"summary_large_image","schema":{"@context":"https:\/\/schema.org","@graph":[{"@type":"WebSite","@id":"https:\/\/svetkamene.eu\/#website","url":"https:\/\/svetkamene.eu\/","name":"Sv\u011bt Kamene","description":"Port\u00e1l informuj\u00edc\u00ed o v\u0161em co souvis\u00ed s kamenem","potentialAction":[{"@type":"SearchAction","target":{"@type":"EntryPoint","urlTemplate":"https:\/\/svetkamene.eu\/?s={search_term_string}"},"query-input":"required name=search_term_string"}],"inLanguage":"cs"},{"@type":"WebPage","@id":"https:\/\/svetkamene.eu\/index.php\/pl\/informacje-kontaktowe\/#webpage","url":"https:\/\/svetkamene.eu\/index.php\/pl\/informacje-kontaktowe\/","name":"Informacje kontaktowe - Sv\u011bt Kamene","isPartOf":{"@id":"https:\/\/svetkamene.eu\/#website"},"datePublished":"2020-06-16T23:04:30+00:00","dateModified":"2023-08-10T16:37:37+00:00","breadcrumb":{"@id":"https:\/\/svetkamene.eu\/index.php\/pl\/informacje-kontaktowe\/#breadcrumb"},"inLanguage":"cs","potentialAction":[{"@type":"ReadAction","target":["https:\/\/svetkamene.eu\/index.php\/pl\/informacje-kontaktowe\/"]}]},{"@type":"BreadcrumbList","@id":"https:\/\/svetkamene.eu\/index.php\/pl\/informacje-kontaktowe\/#breadcrumb","itemListElement":[{"@type":"ListItem","position":1,"name":"Dom\u016f","item":"https:\/\/svetkamene.eu\/"},{"@type":"ListItem","position":2,"name":"Informacje kontaktowe"}]}]}},"_links":{"self":[{"href":"https:\/\/svetkamene.eu\/index.php\/wp-json\/wp\/v2\/pages\/13913"}],"collection":[{"href":"https:\/\/svetkamene.eu\/index.php\/wp-json\/wp\/v2\/pages"}],"about":[{"href":"https:\/\/svetkamene.eu\/index.php\/wp-json\/wp\/v2\/types\/page"}],"author":[{"embeddable":true,"href":"https:\/\/svetkamene.eu\/index.php\/wp-json\/wp\/v2\/users\/1"}],"replies":[{"embeddable":true,"href":"https:\/\/svetkamene.eu\/index.php\/wp-json\/wp\/v2\/comments?post=13913"}],"version-history":[{"count":1,"href":"https:\/\/svetkamene.eu\/index.php\/wp-json\/wp\/v2\/pages\/13913\/revisions"}],"predecessor-version":[{"id":13915,"href":"https:\/\/svetkamene.eu\/index.php\/wp-json\/wp\/v2\/pages\/13913\/revisions\/13915"}],"wp:attachment":[{"href":"https:\/\/svetkamene.eu\/index.php\/wp-json\/wp\/v2\/media?parent=13913"}],"curies":[{"name":"wp","href":"https:\/\/api.w.org\/{rel}","templated":true}]}}