{"id":13907,"date":"2025-12-18T17:23:37","date_gmt":"2025-12-18T16:23:37","guid":{"rendered":"https:\/\/svetkamene.eu\/?page_id=13907"},"modified":"2023-08-14T18:27:58","modified_gmt":"2023-08-14T16:27:58","slug":"dzialania-i-wydarzenia","status":"publish","type":"page","link":"https:\/\/svetkamene.eu\/index.php\/pl\/dzialania-i-wydarzenia\/","title":{"rendered":"Wydarzenia i&nbsp;imprezy"},"content":{"rendered":"\r\n<ul>\r\n<li>For Arch, Czechy, Praga, 19-23.9.2023 r.<\/li>\r\n<li>Marmomac, W\u0142ochy, Werona, 26-29.9.2023<\/li>\r\n<li>Stone, Polska, Pozna\u0144, 15.-17.11.2023<\/li>\r\n<li><span lang=\"PL\">Stone Ib\u00e9rica, Portugalia, Batalha, 15-17 czerwca 2023 r.<\/span><\/li>\r\n<li><span lang=\"PL\">\u015awi\u0119to Granitu Strzegomskiego 2023, Polska, Strzegom, 16-18 czerwca 2023 r.<\/span><\/li>\r\n<li>For Arch, Czechy, Praga, 19-23 wrze\u015bnia 2023 r.<\/li>\r\n<li>Marmomac, W\u0142ochy, Werona, 26-29 wrze\u015bnia 2023 r.<\/li>\r\n<li>Targi Bran\u017cy Kamieniarskiej STONE 2023, Polska, Pozna\u0144, 22-24&nbsp;11.2023<\/li>\r\n<\/ul>\r\n<h4><b><span lang=\"PL\">Poprzednie wydarzenia<\/span><\/b><\/h4>\r\n<ul>\r\n<li>\r\n<p><span lang=\"PL\">\u015awiat Kamienia 2022 &#8211; Mi\u0119dzynarodowa konferencja na temat wykorzystania zasob\u00f3w mineralnych, Czechy, L\u00e1zn\u011b B\u011blohrad, 12-14 maja 2022 r.<\/span><\/p>\r\n<\/li>\r\n<li>\r\n<p><span lang=\"PL\">SochArt 2022 &#8211; Republika Czeska, Ho\u0159ice, 13-15 maja 2022 r.<\/span><\/p>\r\n<\/li>\r\n<li>\r\n<p><span lang=\"PL\">\u015awi\u0119to Granitu Strzegomskiego 2022, Polska, Strzegom, 17-19 czerwca 2022 r.<\/span><\/p>\r\n<\/li>\r\n<li>\r\n<p><span lang=\"PL\">Kamie\u0144 Ho\u0159ice 2022, Czechy, Ho\u0159ice, 17.-18 czerwca 2022 r.<\/span><\/p>\r\n<\/li>\r\n<li>\r\n<p><span lang=\"PL\">Strzegomski Festiwal Granitu 2022, Polska, Strzegom, 22-24 czerwca 2022 r.<\/span><\/p>\r\n<\/li>\r\n<li>\r\n<p><span lang=\"PL\">Stone-tec 2022, Niemcy, Norymberga, 22-25 czerwca 2022<\/span><\/p>\r\n<\/li>\r\n<li>\r\n<p><span lang=\"PL\">Marble 2022, Polska, Warszawa, 1-3 wrze\u015bnia 2022 r.<\/span><\/p>\r\n<\/li>\r\n<li>\r\n<p><span lang=\"PL\">Marmomac 2022, W\u0142ochy, Werona, 27-30 wrze\u015bnia 2022<\/span><\/p>\r\n<\/li>\r\n<li>\r\n<p><span lang=\"PL\">Targi Bran\u017cy Kamieniarskiej STONE 2022, Polska, Pozna\u0144, listopad 2022 r.<\/span><\/p>\r\n<\/li>\r\n<\/ul>\r\n<p>&nbsp; &nbsp; &nbsp;<\/p>\r\n","protected":false},"excerpt":{"rendered":"<p>For Arch, Czechy, Praga, 19-23.9.2023 r. Marmomac, W\u0142ochy, Werona, 26-29.9.2023 Stone, Polska, Pozna\u0144, 15.-17.11.2023 Stone&#8230;<\/p>\n","protected":false},"author":1,"featured_media":0,"parent":0,"menu_order":0,"comment_status":"closed","ping_status":"closed","template":"","meta":{"ngg_post_thumbnail":0},"yoast_head":"<!-- This site is optimized with the Yoast SEO plugin v19.1 - https:\/\/yoast.com\/wordpress\/plugins\/seo\/ -->\n<title>Wydarzenia i imprezy - Sv\u011bt Kamene<\/title>\n<meta name=\"description\" content=\"akce a ud\u00e1losti ve sv\u011bt\u011b kamene\" \/>\n<meta name=\"robots\" content=\"index, follow, max-snippet:-1, max-image-preview:large, max-video-preview:-1\" \/>\n<link rel=\"canonical\" href=\"https:\/\/svetkamene.eu\/index.php\/pl\/dzialania-i-wydarzenia\/\" \/>\n<meta property=\"og:locale\" content=\"cs_CZ\" \/>\n<meta property=\"og:type\" content=\"article\" \/>\n<meta property=\"og:title\" content=\"Wydarzenia i imprezy - Sv\u011bt Kamene\" \/>\n<meta property=\"og:description\" content=\"akce a ud\u00e1losti ve sv\u011bt\u011b kamene\" \/>\n<meta property=\"og:url\" content=\"https:\/\/svetkamene.eu\/index.php\/pl\/dzialania-i-wydarzenia\/\" \/>\n<meta property=\"og:site_name\" content=\"Sv\u011bt Kamene\" \/>\n<meta property=\"article:modified_time\" content=\"2023-08-14T16:27:58+00:00\" \/>\n<meta name=\"twitter:card\" content=\"summary_large_image\" \/>\n<meta name=\"twitter:label1\" content=\"Odhadovan\u00e1 doba \u010dten\u00ed\" \/>\n\t<meta name=\"twitter:data1\" content=\"1 minuta\" \/>\n<script type=\"application\/ld+json\" class=\"yoast-schema-graph\">{\"@context\":\"https:\/\/schema.org\",\"@graph\":[{\"@type\":\"WebSite\",\"@id\":\"https:\/\/svetkamene.eu\/#website\",\"url\":\"https:\/\/svetkamene.eu\/\",\"name\":\"Sv\u011bt Kamene\",\"description\":\"Port\u00e1l informuj\u00edc\u00ed o v\u0161em co souvis\u00ed s kamenem\",\"potentialAction\":[{\"@type\":\"SearchAction\",\"target\":{\"@type\":\"EntryPoint\",\"urlTemplate\":\"https:\/\/svetkamene.eu\/?s={search_term_string}\"},\"query-input\":\"required name=search_term_string\"}],\"inLanguage\":\"cs\"},{\"@type\":\"WebPage\",\"@id\":\"https:\/\/svetkamene.eu\/index.php\/pl\/dzialania-i-wydarzenia\/#webpage\",\"url\":\"https:\/\/svetkamene.eu\/index.php\/pl\/dzialania-i-wydarzenia\/\",\"name\":\"Wydarzenia i imprezy - Sv\u011bt Kamene\",\"isPartOf\":{\"@id\":\"https:\/\/svetkamene.eu\/#website\"},\"datePublished\":\"2025-12-18T16:23:37+00:00\",\"dateModified\":\"2023-08-14T16:27:58+00:00\",\"description\":\"akce a ud\u00e1losti ve sv\u011bt\u011b kamene\",\"breadcrumb\":{\"@id\":\"https:\/\/svetkamene.eu\/index.php\/pl\/dzialania-i-wydarzenia\/#breadcrumb\"},\"inLanguage\":\"cs\",\"potentialAction\":[{\"@type\":\"ReadAction\",\"target\":[\"https:\/\/svetkamene.eu\/index.php\/pl\/dzialania-i-wydarzenia\/\"]}]},{\"@type\":\"BreadcrumbList\",\"@id\":\"https:\/\/svetkamene.eu\/index.php\/pl\/dzialania-i-wydarzenia\/#breadcrumb\",\"itemListElement\":[{\"@type\":\"ListItem\",\"position\":1,\"name\":\"Dom\u016f\",\"item\":\"https:\/\/svetkamene.eu\/\"},{\"@type\":\"ListItem\",\"position\":2,\"name\":\"Wydarzenia i imprezy\"}]}]}<\/script>\n<!-- \/ Yoast SEO plugin. -->","yoast_head_json":{"title":"Wydarzenia i imprezy - Sv\u011bt Kamene","description":"akce a ud\u00e1losti ve sv\u011bt\u011b kamene","robots":{"index":"index","follow":"follow","max-snippet":"max-snippet:-1","max-image-preview":"max-image-preview:large","max-video-preview":"max-video-preview:-1"},"canonical":"https:\/\/svetkamene.eu\/index.php\/pl\/dzialania-i-wydarzenia\/","og_locale":"cs_CZ","og_type":"article","og_title":"Wydarzenia i imprezy - Sv\u011bt Kamene","og_description":"akce a ud\u00e1losti ve sv\u011bt\u011b kamene","og_url":"https:\/\/svetkamene.eu\/index.php\/pl\/dzialania-i-wydarzenia\/","og_site_name":"Sv\u011bt Kamene","article_modified_time":"2023-08-14T16:27:58+00:00","twitter_card":"summary_large_image","twitter_misc":{"Odhadovan\u00e1 doba \u010dten\u00ed":"1 minuta"},"schema":{"@context":"https:\/\/schema.org","@graph":[{"@type":"WebSite","@id":"https:\/\/svetkamene.eu\/#website","url":"https:\/\/svetkamene.eu\/","name":"Sv\u011bt Kamene","description":"Port\u00e1l informuj\u00edc\u00ed o v\u0161em co souvis\u00ed s kamenem","potentialAction":[{"@type":"SearchAction","target":{"@type":"EntryPoint","urlTemplate":"https:\/\/svetkamene.eu\/?s={search_term_string}"},"query-input":"required name=search_term_string"}],"inLanguage":"cs"},{"@type":"WebPage","@id":"https:\/\/svetkamene.eu\/index.php\/pl\/dzialania-i-wydarzenia\/#webpage","url":"https:\/\/svetkamene.eu\/index.php\/pl\/dzialania-i-wydarzenia\/","name":"Wydarzenia i imprezy - Sv\u011bt Kamene","isPartOf":{"@id":"https:\/\/svetkamene.eu\/#website"},"datePublished":"2025-12-18T16:23:37+00:00","dateModified":"2023-08-14T16:27:58+00:00","description":"akce a ud\u00e1losti ve sv\u011bt\u011b kamene","breadcrumb":{"@id":"https:\/\/svetkamene.eu\/index.php\/pl\/dzialania-i-wydarzenia\/#breadcrumb"},"inLanguage":"cs","potentialAction":[{"@type":"ReadAction","target":["https:\/\/svetkamene.eu\/index.php\/pl\/dzialania-i-wydarzenia\/"]}]},{"@type":"BreadcrumbList","@id":"https:\/\/svetkamene.eu\/index.php\/pl\/dzialania-i-wydarzenia\/#breadcrumb","itemListElement":[{"@type":"ListItem","position":1,"name":"Dom\u016f","item":"https:\/\/svetkamene.eu\/"},{"@type":"ListItem","position":2,"name":"Wydarzenia i imprezy"}]}]}},"_links":{"self":[{"href":"https:\/\/svetkamene.eu\/index.php\/wp-json\/wp\/v2\/pages\/13907"}],"collection":[{"href":"https:\/\/svetkamene.eu\/index.php\/wp-json\/wp\/v2\/pages"}],"about":[{"href":"https:\/\/svetkamene.eu\/index.php\/wp-json\/wp\/v2\/types\/page"}],"author":[{"embeddable":true,"href":"https:\/\/svetkamene.eu\/index.php\/wp-json\/wp\/v2\/users\/1"}],"replies":[{"embeddable":true,"href":"https:\/\/svetkamene.eu\/index.php\/wp-json\/wp\/v2\/comments?post=13907"}],"version-history":[{"count":6,"href":"https:\/\/svetkamene.eu\/index.php\/wp-json\/wp\/v2\/pages\/13907\/revisions"}],"predecessor-version":[{"id":13937,"href":"https:\/\/svetkamene.eu\/index.php\/wp-json\/wp\/v2\/pages\/13907\/revisions\/13937"}],"wp:attachment":[{"href":"https:\/\/svetkamene.eu\/index.php\/wp-json\/wp\/v2\/media?parent=13907"}],"curies":[{"name":"wp","href":"https:\/\/api.w.org\/{rel}","templated":true}]}}