{"id":12336,"date":"2022-06-24T13:35:12","date_gmt":"2022-06-24T11:35:12","guid":{"rendered":"https:\/\/svetkamene.eu\/?page_id=12336"},"modified":"2023-08-11T11:20:00","modified_gmt":"2023-08-11T09:20:00","slug":"sbornik","status":"publish","type":"page","link":"https:\/\/svetkamene.eu\/index.php\/cs\/sbornik\/","title":{"rendered":"Sborn\u00edk"},"content":{"rendered":"<h1>Odborn\u00e9 \u010dl\u00e1nky<\/h1>\n<h1><span style=\"font-size: 12pt;\"><a href=\"https:\/\/svetkamene.eu\/wp-content\/uploads\/2022\/11\/Sbornik-odbornych-clanku-Svet-kamene.pdf\">Sborn\u00edk odborn\u00fdch \u010dl\u00e1nk\u016f Sv\u011bt kamene<\/a><\/span><\/h1>\n<h1>Materi\u00e1ly projektov\u00fdch partner\u016f<\/h1>\n<p><a href=\"https:\/\/svetkamene.eu\/wp-content\/uploads\/2023\/08\/slownik-kamieniarski-PL-CZ.pdf\">Kamenick\u00fd Slovn\u00edk_PL-CZ<\/a><br \/>\n<a href=\"https:\/\/drive.google.com\/file\/d\/1yUrhwct5-YYpfiXPon4c3VUt9VQhvQy6\/view?usp=sharing\">Film o&nbsp;projektu Sv\u011bt kamene<\/a><br \/>\n<a href=\"https:\/\/svetkamene.eu\/wp-content\/uploads\/2022\/06\/84_35-brozura_zaoral.pdf\">Ho\u0159ice &#8211; m\u011bsto kamenn\u00e9 kr\u00e1sy<\/a><br \/>\n<a href=\"https:\/\/svetkamene.eu\/wp-content\/uploads\/2022\/06\/84_cyklomapa.pdf\">Ho\u0159ice &#8211; cyklomapa<\/a><br \/>\n<a href=\"https:\/\/svetkamene.eu\/wp-content\/uploads\/2022\/06\/84_letak_horice.pdf\">Ho\u0159ice &#8211; m\u011bsto kamenn\u00e9 kr\u00e1sy II<\/a><br \/>\n<a href=\"https:\/\/svetkamene.eu\/wp-content\/uploads\/2022\/06\/84_letak_mvs.pdf\">Ho\u0159ice &#8211; Masarykova v\u011b\u017e samostatnosti<\/a><br \/>\n<a href=\"https:\/\/svetkamene.eu\/wp-content\/uploads\/2022\/06\/szlak-kamienia_EN-DE_www_rozkladowki.pdf\">Szlak kamienia &#8211; Cesta kamene EN-DE<\/a><br \/>\n<a href=\"https:\/\/tvn24.pl\/tvnmeteo\/najnowsze\/strzegom-obchodzi-swoje-swieto-5756237?\">\u015awi\u0119to Granitu &#8211; Strzegomskiego<\/a><br \/>\n<a href=\"https:\/\/tvn24.pl\/tvnmeteo\/polska\/swieto-granitu-w-strzegomiu-5755504\">\u015awi\u0119to Granitu &#8211; w Strzegomiu<\/a><br \/>\n<iframe loading=\"lazy\" src=\"https:\/\/drive.google.com\/file\/d\/1yUrhwct5-YYpfiXPon4c3VUt9VQhvQy6\/preview\" width=\"640\" height=\"480\"><\/iframe><\/p>\n<p><iframe loading=\"lazy\" title=\"Ho\u0159ice 2019 - cesta kamene\" width=\"640\" height=\"360\" src=\"https:\/\/www.youtube.com\/embed\/2nOrs9GNoSI?feature=oembed\" frameborder=\"0\" allow=\"accelerometer; autoplay; clipboard-write; encrypted-media; gyroscope; picture-in-picture; web-share\" allowfullscreen><\/iframe><\/p>\n<p><iframe loading=\"lazy\" title=\"Szlak Kamienia   Cesta Kamene 2019\" width=\"640\" height=\"360\" src=\"https:\/\/www.youtube.com\/embed\/u15iepTP-MY?feature=oembed\" frameborder=\"0\" allow=\"accelerometer; autoplay; clipboard-write; encrypted-media; gyroscope; picture-in-picture; web-share\" allowfullscreen><\/iframe><\/p>\n<p><iframe loading=\"lazy\" title=\",,Dolno\u015bl\u0105skie Rozpocz\u0119cie Lata - \u015awi\u0119ta Granitu Strzegomskiego&quot;\" width=\"640\" height=\"360\" src=\"https:\/\/www.youtube.com\/embed\/cBLh429slGw?feature=oembed\" frameborder=\"0\" allow=\"accelerometer; autoplay; clipboard-write; encrypted-media; gyroscope; picture-in-picture; web-share\" allowfullscreen><\/iframe><\/p>\n<p>&nbsp;<\/p>\n","protected":false},"excerpt":{"rendered":"<p>Odborn\u00e9 \u010dl\u00e1nky Sborn\u00edk odborn\u00fdch \u010dl\u00e1nk\u016f Sv\u011bt kamene Materi\u00e1ly projektov\u00fdch partner\u016f Kamenick\u00fd Slovn\u00edk_PL-CZ Film o&nbsp;projektu Sv\u011bt&#8230;<\/p>\n","protected":false},"author":1,"featured_media":0,"parent":0,"menu_order":0,"comment_status":"closed","ping_status":"closed","template":"","meta":{"ngg_post_thumbnail":0},"yoast_head":"<!-- This site is optimized with the Yoast SEO plugin v19.1 - https:\/\/yoast.com\/wordpress\/plugins\/seo\/ -->\n<title>Sborn\u00edk - Sv\u011bt Kamene<\/title>\n<meta name=\"robots\" content=\"index, follow, max-snippet:-1, max-image-preview:large, max-video-preview:-1\" \/>\n<link rel=\"canonical\" href=\"https:\/\/svetkamene.eu\/index.php\/cs\/sbornik\/\" \/>\n<meta property=\"og:locale\" content=\"cs_CZ\" \/>\n<meta property=\"og:type\" content=\"article\" \/>\n<meta property=\"og:title\" content=\"Sborn\u00edk - Sv\u011bt Kamene\" \/>\n<meta property=\"og:description\" content=\"Odborn\u00e9 \u010dl\u00e1nky Sborn\u00edk odborn\u00fdch \u010dl\u00e1nk\u016f Sv\u011bt kamene Materi\u00e1ly projektov\u00fdch partner\u016f Kamenick\u00fd Slovn\u00edk_PL-CZ Film o&nbsp;projektu Sv\u011bt...\" \/>\n<meta property=\"og:url\" content=\"https:\/\/svetkamene.eu\/index.php\/cs\/sbornik\/\" \/>\n<meta property=\"og:site_name\" content=\"Sv\u011bt Kamene\" \/>\n<meta property=\"article:modified_time\" content=\"2023-08-11T09:20:00+00:00\" \/>\n<meta name=\"twitter:card\" content=\"summary_large_image\" \/>\n<meta name=\"twitter:label1\" content=\"Odhadovan\u00e1 doba \u010dten\u00ed\" \/>\n\t<meta name=\"twitter:data1\" content=\"1 minuta\" \/>\n<script type=\"application\/ld+json\" class=\"yoast-schema-graph\">{\"@context\":\"https:\/\/schema.org\",\"@graph\":[{\"@type\":\"WebSite\",\"@id\":\"https:\/\/svetkamene.eu\/#website\",\"url\":\"https:\/\/svetkamene.eu\/\",\"name\":\"Sv\u011bt Kamene\",\"description\":\"Port\u00e1l informuj\u00edc\u00ed o v\u0161em co souvis\u00ed s kamenem\",\"potentialAction\":[{\"@type\":\"SearchAction\",\"target\":{\"@type\":\"EntryPoint\",\"urlTemplate\":\"https:\/\/svetkamene.eu\/?s={search_term_string}\"},\"query-input\":\"required name=search_term_string\"}],\"inLanguage\":\"cs\"},{\"@type\":\"WebPage\",\"@id\":\"https:\/\/svetkamene.eu\/index.php\/cs\/sbornik\/#webpage\",\"url\":\"https:\/\/svetkamene.eu\/index.php\/cs\/sbornik\/\",\"name\":\"Sborn\u00edk - Sv\u011bt Kamene\",\"isPartOf\":{\"@id\":\"https:\/\/svetkamene.eu\/#website\"},\"datePublished\":\"2022-06-24T11:35:12+00:00\",\"dateModified\":\"2023-08-11T09:20:00+00:00\",\"breadcrumb\":{\"@id\":\"https:\/\/svetkamene.eu\/index.php\/cs\/sbornik\/#breadcrumb\"},\"inLanguage\":\"cs\",\"potentialAction\":[{\"@type\":\"ReadAction\",\"target\":[\"https:\/\/svetkamene.eu\/index.php\/cs\/sbornik\/\"]}]},{\"@type\":\"BreadcrumbList\",\"@id\":\"https:\/\/svetkamene.eu\/index.php\/cs\/sbornik\/#breadcrumb\",\"itemListElement\":[{\"@type\":\"ListItem\",\"position\":1,\"name\":\"Dom\u016f\",\"item\":\"https:\/\/svetkamene.eu\/\"},{\"@type\":\"ListItem\",\"position\":2,\"name\":\"Sborn\u00edk\"}]}]}<\/script>\n<!-- \/ Yoast SEO plugin. -->","yoast_head_json":{"title":"Sborn\u00edk - Sv\u011bt Kamene","robots":{"index":"index","follow":"follow","max-snippet":"max-snippet:-1","max-image-preview":"max-image-preview:large","max-video-preview":"max-video-preview:-1"},"canonical":"https:\/\/svetkamene.eu\/index.php\/cs\/sbornik\/","og_locale":"cs_CZ","og_type":"article","og_title":"Sborn\u00edk - Sv\u011bt Kamene","og_description":"Odborn\u00e9 \u010dl\u00e1nky Sborn\u00edk odborn\u00fdch \u010dl\u00e1nk\u016f Sv\u011bt kamene Materi\u00e1ly projektov\u00fdch partner\u016f Kamenick\u00fd Slovn\u00edk_PL-CZ Film o&nbsp;projektu Sv\u011bt...","og_url":"https:\/\/svetkamene.eu\/index.php\/cs\/sbornik\/","og_site_name":"Sv\u011bt Kamene","article_modified_time":"2023-08-11T09:20:00+00:00","twitter_card":"summary_large_image","twitter_misc":{"Odhadovan\u00e1 doba \u010dten\u00ed":"1 minuta"},"schema":{"@context":"https:\/\/schema.org","@graph":[{"@type":"WebSite","@id":"https:\/\/svetkamene.eu\/#website","url":"https:\/\/svetkamene.eu\/","name":"Sv\u011bt Kamene","description":"Port\u00e1l informuj\u00edc\u00ed o v\u0161em co souvis\u00ed s kamenem","potentialAction":[{"@type":"SearchAction","target":{"@type":"EntryPoint","urlTemplate":"https:\/\/svetkamene.eu\/?s={search_term_string}"},"query-input":"required name=search_term_string"}],"inLanguage":"cs"},{"@type":"WebPage","@id":"https:\/\/svetkamene.eu\/index.php\/cs\/sbornik\/#webpage","url":"https:\/\/svetkamene.eu\/index.php\/cs\/sbornik\/","name":"Sborn\u00edk - Sv\u011bt Kamene","isPartOf":{"@id":"https:\/\/svetkamene.eu\/#website"},"datePublished":"2022-06-24T11:35:12+00:00","dateModified":"2023-08-11T09:20:00+00:00","breadcrumb":{"@id":"https:\/\/svetkamene.eu\/index.php\/cs\/sbornik\/#breadcrumb"},"inLanguage":"cs","potentialAction":[{"@type":"ReadAction","target":["https:\/\/svetkamene.eu\/index.php\/cs\/sbornik\/"]}]},{"@type":"BreadcrumbList","@id":"https:\/\/svetkamene.eu\/index.php\/cs\/sbornik\/#breadcrumb","itemListElement":[{"@type":"ListItem","position":1,"name":"Dom\u016f","item":"https:\/\/svetkamene.eu\/"},{"@type":"ListItem","position":2,"name":"Sborn\u00edk"}]}]}},"_links":{"self":[{"href":"https:\/\/svetkamene.eu\/index.php\/wp-json\/wp\/v2\/pages\/12336"}],"collection":[{"href":"https:\/\/svetkamene.eu\/index.php\/wp-json\/wp\/v2\/pages"}],"about":[{"href":"https:\/\/svetkamene.eu\/index.php\/wp-json\/wp\/v2\/types\/page"}],"author":[{"embeddable":true,"href":"https:\/\/svetkamene.eu\/index.php\/wp-json\/wp\/v2\/users\/1"}],"replies":[{"embeddable":true,"href":"https:\/\/svetkamene.eu\/index.php\/wp-json\/wp\/v2\/comments?post=12336"}],"version-history":[{"count":18,"href":"https:\/\/svetkamene.eu\/index.php\/wp-json\/wp\/v2\/pages\/12336\/revisions"}],"predecessor-version":[{"id":13934,"href":"https:\/\/svetkamene.eu\/index.php\/wp-json\/wp\/v2\/pages\/12336\/revisions\/13934"}],"wp:attachment":[{"href":"https:\/\/svetkamene.eu\/index.php\/wp-json\/wp\/v2\/media?parent=12336"}],"curies":[{"name":"wp","href":"https:\/\/api.w.org\/{rel}","templated":true}]}}